{"id":4,"date":"2020-09-19T17:50:37","date_gmt":"2020-09-19T15:50:37","guid":{"rendered":"http:\/\/everyindividualmatters.sk\/?page_id=2"},"modified":"2022-02-19T16:19:13","modified_gmt":"2022-02-19T15:19:13","slug":"ukazka-strany","status":"publish","type":"page","link":"https:\/\/everyindividualmatters.sk\/?page_id=4","title":{"rendered":"Darujte n\u00e1m va\u0161e 2% z dane"},"content":{"rendered":"\n<div class=\"wp-block-columns is-layout-flex wp-container-core-columns-is-layout-9d6595d7 wp-block-columns-is-layout-flex\">\n<div class=\"wp-block-column is-layout-flow wp-block-column-is-layout-flow\" style=\"flex-basis:100%\">\n<div class=\"wp-block-group\"><div class=\"wp-block-group__inner-container is-layout-flow wp-block-group-is-layout-flow\">\n<div class=\"wp-block-columns is-layout-flex wp-container-core-columns-is-layout-9d6595d7 wp-block-columns-is-layout-flex\">\n<div class=\"wp-block-column is-vertically-aligned-top is-layout-flow wp-block-column-is-layout-flow\">\n<p>Fyzick\u00e9 a pr\u00e1vnick\u00e9 osoby m\u00f4\u017eu venova\u0165 svoje 2% na z\u00e1klade dobrovo\u013en\u00e9ho rozhodnutia registrovan\u00fdm organiz\u00e1ci\u00e1m. <br>Ide o\u00a0da\u0148, ktor\u00fa by ste inak museli odvies\u0165 do \u0161t\u00e1tneho rozpo\u010dtu. <\/p>\n\n\n\n<p>M\u00f4\u017eete ju v\u0161ak premeni\u0165 na dar, ktor\u00fdm podpor\u00edte na\u0161e #EVERYINDIVIDUALMATTERS. \u010eakujeme!<\/p>\n\n\n\n<h5 class=\"wp-block-heading\">TLA\u010cIV\u00c1 PRE DAROVANIE 2% Z DANE<\/h5>\n\n\n\n<p><a href=\"https:\/\/everyindividualmatters.sk\/?page_id=665\">Postup pre ZAMESTNANCOV<\/a><br><a href=\"https:\/\/everyindividualmatters.sk\/?page_id=669\">Postup pre FYZICK\u00c9 OSOBY<\/a><br><a href=\"https:\/\/everyindividualmatters.sk\/?page_id=672\" data-type=\"URL\" data-id=\"https:\/\/everyindividualmatters.sk\/?page_id=672\">Postup pre PR\u00c1VNICK\u00c9 OSOBY<\/a><\/p>\n\n\n\n<p><\/p>\n<\/div>\n\n\n\n<div class=\"wp-block-column is-layout-flow wp-block-column-is-layout-flow\">\n<h3 class=\"wp-block-heading\"><strong>Ak sa rozhodnete darova\u0165 2% z\u00a0dane:<\/strong><\/h3>\n\n\n\n<figure class=\"wp-block-table is-style-regular\"><table><tbody><tr><td><span class=\"has-inline-color has-neve-link-color-color\">N\u00e1zov<\/span><\/td><td>#everyindividualmatters<\/td><\/tr><tr><td>S\u00eddlo &#8211; Ulica<br>S\u00fapisn\u00e9 \u010d\u00edslo<br>PS\u010c<br>Obec<\/td><td>Lackova <br>3308\/9, <br>84104 <br>Bratislava<\/td><\/tr><tr><td>Pr\u00e1vna forma<\/td><td>Ob\u010dianske zdru\u017eenie<\/td><\/tr><tr><td>I\u010cO<\/td><td>52183688<\/td><\/tr><\/tbody><\/table><\/figure>\n<\/div>\n<\/div>\n<\/div><\/div>\n<\/div>\n<\/div>\n\n\n\n<p><\/p>\n","protected":false},"excerpt":{"rendered":"<p>Fyzick\u00e9 a pr\u00e1vnick\u00e9 osoby m\u00f4\u017eu venova\u0165 svoje 2% na z\u00e1klade dobrovo\u013en\u00e9ho rozhodnutia registrovan\u00fdm organiz\u00e1ci\u00e1m. Ide o\u00a0da\u0148, ktor\u00fa by ste inak museli odvies\u0165 do \u0161t\u00e1tneho rozpo\u010dtu. M\u00f4\u017eete ju v\u0161ak premeni\u0165 na dar, ktor\u00fdm podpor\u00edte na\u0161e #EVERYINDIVIDUALMATTERS. \u010eakujeme! TLA\u010cIV\u00c1 PRE DAROVANIE 2% Z DANE Postup pre ZAMESTNANCOVPostup pre FYZICK\u00c9 OSOBYPostup pre PR\u00c1VNICK\u00c9 OSOBY Ak sa rozhodnete darova\u0165&hellip;&nbsp;<a href=\"https:\/\/everyindividualmatters.sk\/?page_id=4\" class=\"\" rel=\"bookmark\">\u010c\u00edta\u0165 viac &raquo;<span class=\"screen-reader-text\">Darujte n\u00e1m va\u0161e 2% z dane<\/span><\/a><\/p>\n","protected":false},"author":1,"featured_media":0,"parent":0,"menu_order":0,"comment_status":"closed","ping_status":"open","template":"","meta":{"give_campaign_id":0,"neve_meta_sidebar":"","neve_meta_container":"","neve_meta_enable_content_width":"","neve_meta_content_width":0,"neve_meta_title_alignment":"","neve_meta_author_avatar":"","neve_post_elements_order":"","neve_meta_disable_header":"off","neve_meta_disable_footer":"","neve_meta_disable_title":"","footnotes":""},"class_list":["post-4","page","type-page","status-publish","hentry"],"campaignId":"","_links":{"self":[{"href":"https:\/\/everyindividualmatters.sk\/index.php?rest_route=\/wp\/v2\/pages\/4","targetHints":{"allow":["GET"]}}],"collection":[{"href":"https:\/\/everyindividualmatters.sk\/index.php?rest_route=\/wp\/v2\/pages"}],"about":[{"href":"https:\/\/everyindividualmatters.sk\/index.php?rest_route=\/wp\/v2\/types\/page"}],"author":[{"embeddable":true,"href":"https:\/\/everyindividualmatters.sk\/index.php?rest_route=\/wp\/v2\/users\/1"}],"replies":[{"embeddable":true,"href":"https:\/\/everyindividualmatters.sk\/index.php?rest_route=%2Fwp%2Fv2%2Fcomments&post=4"}],"version-history":[{"count":39,"href":"https:\/\/everyindividualmatters.sk\/index.php?rest_route=\/wp\/v2\/pages\/4\/revisions"}],"predecessor-version":[{"id":901,"href":"https:\/\/everyindividualmatters.sk\/index.php?rest_route=\/wp\/v2\/pages\/4\/revisions\/901"}],"wp:attachment":[{"href":"https:\/\/everyindividualmatters.sk\/index.php?rest_route=%2Fwp%2Fv2%2Fmedia&parent=4"}],"curies":[{"name":"wp","href":"https:\/\/api.w.org\/{rel}","templated":true}]}}